{"id":50,"date":"2025-06-19T12:26:44","date_gmt":"2025-06-19T12:26:44","guid":{"rendered":"https:\/\/asociatiasuramareculturala.ro\/?page_id=50"},"modified":"2025-06-19T12:31:15","modified_gmt":"2025-06-19T12:31:15","slug":"devino-voluntar","status":"publish","type":"page","link":"https:\/\/asociatiasuramareculturala.ro\/index.php\/devino-voluntar\/","title":{"rendered":"Contact"},"content":{"rendered":"\n<p>Devino VOLUNTAR \u0219i fii parte din familia \u0218ura-Mare Cultural\u0103! <img loading=\"lazy\" decoding=\"async\" height=\"16\" width=\"16\" alt=\"\ud83e\udd1d\" src=\"https:\/\/static.xx.fbcdn.net\/images\/emoji.php\/v9\/t64\/1\/16\/1f91d.png\"><\/p>\n\n\n\n<p><img loading=\"lazy\" decoding=\"async\" height=\"16\" width=\"16\" alt=\"\ud83d\udcab\" src=\"https:\/\/static.xx.fbcdn.net\/images\/emoji.php\/v9\/ted\/1\/16\/1f4ab.png\"> A<a><\/a>socia\u021bia noastr\u0103 a crescut frumos \u0219i ne dorim s\u0103 ni se al\u0103ture tineri entuzia\u0219ti, implica\u021bi \u0219i dornici s\u0103 fac\u0103 bine!<\/p>\n\n\n\n<p><img loading=\"lazy\" decoding=\"async\" height=\"16\" width=\"16\" alt=\"\ud83d\udd1c\" src=\"https:\/\/static.xx.fbcdn.net\/images\/emoji.php\/v9\/tdf\/1\/16\/1f51c.png\">Urmeaz\u0103 evenimente deosebite, iar implicarea ta poate face diferen\u021ba. <img loading=\"lazy\" decoding=\"async\" height=\"16\" width=\"16\" alt=\"\ud83e\udd1c\" src=\"https:\/\/static.xx.fbcdn.net\/images\/emoji.php\/v9\/te3\/1\/16\/1f91c.png\"><img loading=\"lazy\" decoding=\"async\" height=\"16\" width=\"16\" alt=\"\ud83e\udd1b\" src=\"https:\/\/static.xx.fbcdn.net\/images\/emoji.php\/v9\/t62\/1\/16\/1f91b.png\"><\/p>\n\n\n\n<p><img loading=\"lazy\" decoding=\"async\" height=\"16\" width=\"16\" alt=\"\ud83e\udd17\" src=\"https:\/\/static.xx.fbcdn.net\/images\/emoji.php\/v9\/tb7\/1\/16\/1f917.png\"> Dac\u0103 vrei s\u0103 cuno\u0219ti oameni faini, s\u0103 \u00eenve\u021bi lucruri noi \u0219i s\u0103 contribui la proiecte cu impact, te a\u0219tept\u0103m cu bra\u021bele deschise!<\/p>\n\n\n\n<p>Completeaz\u0103 formularul \u0219i te vom invita s\u0103 ne cunoa\u0219tem <img loading=\"lazy\" decoding=\"async\" height=\"16\" width=\"16\" alt=\"\u2b07\ufe0f\" src=\"https:\/\/static.xx.fbcdn.net\/images\/emoji.php\/v9\/t20\/1\/16\/2b07.png\"><\/p>\n\n\n\n<figure class=\"wp-block-gallery has-nested-images columns-default is-cropped wp-block-gallery-1 is-layout-flex wp-block-gallery-is-layout-flex\">\n<figure class=\"wp-block-image size-large\"><img loading=\"lazy\" decoding=\"async\" width=\"1024\" height=\"768\" data-id=\"41\" src=\"https:\/\/asociatiasuramareculturala.ro\/wp-content\/uploads\/2025\/06\/496695704_1253361510131044_8547920767277875669_n-1024x768.jpg\" alt=\"\" class=\"wp-image-41\" srcset=\"https:\/\/asociatiasuramareculturala.ro\/wp-content\/uploads\/2025\/06\/496695704_1253361510131044_8547920767277875669_n-1024x768.jpg 1024w, https:\/\/asociatiasuramareculturala.ro\/wp-content\/uploads\/2025\/06\/496695704_1253361510131044_8547920767277875669_n-300x225.jpg 300w, https:\/\/asociatiasuramareculturala.ro\/wp-content\/uploads\/2025\/06\/496695704_1253361510131044_8547920767277875669_n-768x576.jpg 768w, https:\/\/asociatiasuramareculturala.ro\/wp-content\/uploads\/2025\/06\/496695704_1253361510131044_8547920767277875669_n-1536x1152.jpg 1536w, https:\/\/asociatiasuramareculturala.ro\/wp-content\/uploads\/2025\/06\/496695704_1253361510131044_8547920767277875669_n.jpg 2048w\" sizes=\"auto, (max-width: 1024px) 100vw, 1024px\" \/><\/figure>\n\n\n\n<figure class=\"wp-block-image size-large\"><img loading=\"lazy\" decoding=\"async\" width=\"1024\" height=\"768\" data-id=\"40\" src=\"https:\/\/asociatiasuramareculturala.ro\/wp-content\/uploads\/2025\/06\/496199752_1253361186797743_1649073432838862027_n-1024x768.jpg\" alt=\"\" class=\"wp-image-40\" srcset=\"https:\/\/asociatiasuramareculturala.ro\/wp-content\/uploads\/2025\/06\/496199752_1253361186797743_1649073432838862027_n-1024x768.jpg 1024w, https:\/\/asociatiasuramareculturala.ro\/wp-content\/uploads\/2025\/06\/496199752_1253361186797743_1649073432838862027_n-300x225.jpg 300w, https:\/\/asociatiasuramareculturala.ro\/wp-content\/uploads\/2025\/06\/496199752_1253361186797743_1649073432838862027_n-768x576.jpg 768w, https:\/\/asociatiasuramareculturala.ro\/wp-content\/uploads\/2025\/06\/496199752_1253361186797743_1649073432838862027_n-1536x1152.jpg 1536w, https:\/\/asociatiasuramareculturala.ro\/wp-content\/uploads\/2025\/06\/496199752_1253361186797743_1649073432838862027_n.jpg 2048w\" sizes=\"auto, (max-width: 1024px) 100vw, 1024px\" \/><\/figure>\n\n\n\n<figure class=\"wp-block-image size-large\"><img loading=\"lazy\" decoding=\"async\" width=\"1024\" height=\"768\" data-id=\"39\" src=\"https:\/\/asociatiasuramareculturala.ro\/wp-content\/uploads\/2025\/06\/496153497_1253362393464289_8983786804164540334_n-1024x768.jpg\" alt=\"\" class=\"wp-image-39\" srcset=\"https:\/\/asociatiasuramareculturala.ro\/wp-content\/uploads\/2025\/06\/496153497_1253362393464289_8983786804164540334_n-1024x768.jpg 1024w, https:\/\/asociatiasuramareculturala.ro\/wp-content\/uploads\/2025\/06\/496153497_1253362393464289_8983786804164540334_n-300x225.jpg 300w, https:\/\/asociatiasuramareculturala.ro\/wp-content\/uploads\/2025\/06\/496153497_1253362393464289_8983786804164540334_n-768x576.jpg 768w, https:\/\/asociatiasuramareculturala.ro\/wp-content\/uploads\/2025\/06\/496153497_1253362393464289_8983786804164540334_n-1536x1152.jpg 1536w, https:\/\/asociatiasuramareculturala.ro\/wp-content\/uploads\/2025\/06\/496153497_1253362393464289_8983786804164540334_n.jpg 2048w\" sizes=\"auto, (max-width: 1024px) 100vw, 1024px\" \/><\/figure>\n\n\n\n<figure class=\"wp-block-image size-large\"><img loading=\"lazy\" decoding=\"async\" width=\"1024\" height=\"768\" data-id=\"38\" src=\"https:\/\/asociatiasuramareculturala.ro\/wp-content\/uploads\/2025\/06\/496234021_1253362373464291_3726268584798306889_n-1024x768.jpg\" alt=\"\" class=\"wp-image-38\" srcset=\"https:\/\/asociatiasuramareculturala.ro\/wp-content\/uploads\/2025\/06\/496234021_1253362373464291_3726268584798306889_n-1024x768.jpg 1024w, https:\/\/asociatiasuramareculturala.ro\/wp-content\/uploads\/2025\/06\/496234021_1253362373464291_3726268584798306889_n-300x225.jpg 300w, https:\/\/asociatiasuramareculturala.ro\/wp-content\/uploads\/2025\/06\/496234021_1253362373464291_3726268584798306889_n-768x576.jpg 768w, https:\/\/asociatiasuramareculturala.ro\/wp-content\/uploads\/2025\/06\/496234021_1253362373464291_3726268584798306889_n-1536x1152.jpg 1536w, https:\/\/asociatiasuramareculturala.ro\/wp-content\/uploads\/2025\/06\/496234021_1253362373464291_3726268584798306889_n.jpg 2048w\" sizes=\"auto, (max-width: 1024px) 100vw, 1024px\" \/><\/figure>\n\n\n\n<figure class=\"wp-block-image size-large\"><img loading=\"lazy\" decoding=\"async\" width=\"661\" height=\"664\" data-id=\"34\" src=\"https:\/\/asociatiasuramareculturala.ro\/wp-content\/uploads\/2025\/06\/471149051_910730721127822_3702237557835475531_n-1.jpg\" alt=\"asociatia sura mare culturala\" class=\"wp-image-34\" srcset=\"https:\/\/asociatiasuramareculturala.ro\/wp-content\/uploads\/2025\/06\/471149051_910730721127822_3702237557835475531_n-1.jpg 661w, https:\/\/asociatiasuramareculturala.ro\/wp-content\/uploads\/2025\/06\/471149051_910730721127822_3702237557835475531_n-1-300x300.jpg 300w, https:\/\/asociatiasuramareculturala.ro\/wp-content\/uploads\/2025\/06\/471149051_910730721127822_3702237557835475531_n-1-150x150.jpg 150w\" sizes=\"auto, (max-width: 661px) 100vw, 661px\" \/><\/figure>\n\n\n\n<figure class=\"wp-block-image size-large\"><img loading=\"lazy\" decoding=\"async\" width=\"768\" height=\"1024\" data-id=\"42\" src=\"https:\/\/asociatiasuramareculturala.ro\/wp-content\/uploads\/2025\/06\/487517279_990637159826261_3702574028739583337_n-768x1024.jpg\" alt=\"\" class=\"wp-image-42\" srcset=\"https:\/\/asociatiasuramareculturala.ro\/wp-content\/uploads\/2025\/06\/487517279_990637159826261_3702574028739583337_n-768x1024.jpg 768w, https:\/\/asociatiasuramareculturala.ro\/wp-content\/uploads\/2025\/06\/487517279_990637159826261_3702574028739583337_n-225x300.jpg 225w, https:\/\/asociatiasuramareculturala.ro\/wp-content\/uploads\/2025\/06\/487517279_990637159826261_3702574028739583337_n-1152x1536.jpg 1152w, https:\/\/asociatiasuramareculturala.ro\/wp-content\/uploads\/2025\/06\/487517279_990637159826261_3702574028739583337_n-1024x1365.jpg 1024w, https:\/\/asociatiasuramareculturala.ro\/wp-content\/uploads\/2025\/06\/487517279_990637159826261_3702574028739583337_n.jpg 1536w\" sizes=\"auto, (max-width: 768px) 100vw, 768px\" \/><\/figure>\n<\/figure>\n\n\n\n<div class=\"wpcf7 no-js\" id=\"wpcf7-f56-o1\" lang=\"ro-RO\" dir=\"ltr\" data-wpcf7-id=\"56\">\n<div class=\"screen-reader-response\"><p role=\"status\" aria-live=\"polite\" aria-atomic=\"true\"><\/p> <ul><\/ul><\/div>\n<form action=\"\/index.php\/wp-json\/wp\/v2\/pages\/50#wpcf7-f56-o1\" method=\"post\" class=\"wpcf7-form init\" aria-label=\"Formular de contact\" novalidate=\"novalidate\" data-status=\"init\">\n<div style=\"display: none;\">\n<input type=\"hidden\" name=\"_wpcf7\" value=\"56\" \/>\n<input type=\"hidden\" name=\"_wpcf7_version\" value=\"6.0.6\" \/>\n<input type=\"hidden\" name=\"_wpcf7_locale\" value=\"ro_RO\" \/>\n<input type=\"hidden\" name=\"_wpcf7_unit_tag\" value=\"wpcf7-f56-o1\" \/>\n<input type=\"hidden\" name=\"_wpcf7_container_post\" value=\"0\" \/>\n<input type=\"hidden\" name=\"_wpcf7_posted_data_hash\" value=\"\" \/>\n<\/div>\n<p><label> Numele t\u0103u<br \/>\n<span class=\"wpcf7-form-control-wrap\" data-name=\"your-name\"><input size=\"40\" maxlength=\"400\" class=\"wpcf7-form-control wpcf7-text wpcf7-validates-as-required\" autocomplete=\"name\" aria-required=\"true\" aria-invalid=\"false\" value=\"\" type=\"text\" name=\"your-name\" \/><\/span> <\/label>\n<\/p>\n<p><label> Adresa ta de email<br \/>\n<span class=\"wpcf7-form-control-wrap\" data-name=\"your-email\"><input size=\"40\" maxlength=\"400\" class=\"wpcf7-form-control wpcf7-email wpcf7-validates-as-required wpcf7-text wpcf7-validates-as-email\" autocomplete=\"email\" aria-required=\"true\" aria-invalid=\"false\" value=\"\" type=\"email\" name=\"your-email\" \/><\/span> <\/label>\n<\/p>\n<p><label> Subiect<br \/>\n<span class=\"wpcf7-form-control-wrap\" data-name=\"your-subject\"><input size=\"40\" maxlength=\"400\" class=\"wpcf7-form-control wpcf7-text wpcf7-validates-as-required\" aria-required=\"true\" aria-invalid=\"false\" value=\"\" type=\"text\" name=\"your-subject\" \/><\/span> <\/label>\n<\/p>\n<p><label> Mesajul t\u0103u (op\u021bional)<br \/>\n<span class=\"wpcf7-form-control-wrap\" data-name=\"your-message\"><textarea cols=\"40\" rows=\"10\" maxlength=\"2000\" class=\"wpcf7-form-control wpcf7-textarea\" aria-invalid=\"false\" name=\"your-message\"><\/textarea><\/span> <\/label>\n<\/p>\n<p><input class=\"wpcf7-form-control wpcf7-submit has-spinner\" type=\"submit\" value=\"Trimite\" \/>\n<\/p><p style=\"display: none !important;\" class=\"akismet-fields-container\" data-prefix=\"_wpcf7_ak_\"><label>&#916;<textarea name=\"_wpcf7_ak_hp_textarea\" cols=\"45\" rows=\"8\" maxlength=\"100\"><\/textarea><\/label><input type=\"hidden\" id=\"ak_js_1\" name=\"_wpcf7_ak_js\" value=\"117\"\/><script>document.getElementById( \"ak_js_1\" ).setAttribute( \"value\", ( new Date() ).getTime() );<\/script><\/p><div class=\"wpcf7-response-output\" aria-hidden=\"true\"><\/div>\n<\/form>\n<\/div>\n\n\n\n\n<figure class=\"wp-block-gallery has-nested-images columns-default is-cropped wp-block-gallery-2 is-layout-flex wp-block-gallery-is-layout-flex\">\n<figure class=\"wp-block-image size-large\"><img loading=\"lazy\" decoding=\"async\" width=\"1024\" height=\"768\" data-id=\"59\" src=\"https:\/\/asociatiasuramareculturala.ro\/wp-content\/uploads\/2025\/06\/480535477_966706905552620_4515580559490707184_n-1024x768.jpg\" alt=\"\" class=\"wp-image-59\" srcset=\"https:\/\/asociatiasuramareculturala.ro\/wp-content\/uploads\/2025\/06\/480535477_966706905552620_4515580559490707184_n-1024x768.jpg 1024w, https:\/\/asociatiasuramareculturala.ro\/wp-content\/uploads\/2025\/06\/480535477_966706905552620_4515580559490707184_n-300x225.jpg 300w, https:\/\/asociatiasuramareculturala.ro\/wp-content\/uploads\/2025\/06\/480535477_966706905552620_4515580559490707184_n-768x576.jpg 768w, https:\/\/asociatiasuramareculturala.ro\/wp-content\/uploads\/2025\/06\/480535477_966706905552620_4515580559490707184_n.jpg 1080w\" sizes=\"auto, (max-width: 1024px) 100vw, 1024px\" \/><\/figure>\n\n\n\n<figure class=\"wp-block-image size-large\"><img loading=\"lazy\" decoding=\"async\" width=\"1024\" height=\"768\" data-id=\"60\" src=\"https:\/\/asociatiasuramareculturala.ro\/wp-content\/uploads\/2025\/06\/480645083_966706938885950_5858559225984882679_n-1024x768.jpg\" alt=\"\" class=\"wp-image-60\" srcset=\"https:\/\/asociatiasuramareculturala.ro\/wp-content\/uploads\/2025\/06\/480645083_966706938885950_5858559225984882679_n-1024x768.jpg 1024w, https:\/\/asociatiasuramareculturala.ro\/wp-content\/uploads\/2025\/06\/480645083_966706938885950_5858559225984882679_n-300x225.jpg 300w, https:\/\/asociatiasuramareculturala.ro\/wp-content\/uploads\/2025\/06\/480645083_966706938885950_5858559225984882679_n-768x576.jpg 768w, https:\/\/asociatiasuramareculturala.ro\/wp-content\/uploads\/2025\/06\/480645083_966706938885950_5858559225984882679_n-1536x1152.jpg 1536w, https:\/\/asociatiasuramareculturala.ro\/wp-content\/uploads\/2025\/06\/480645083_966706938885950_5858559225984882679_n.jpg 1600w\" sizes=\"auto, (max-width: 1024px) 100vw, 1024px\" \/><\/figure>\n<\/figure>\n\n\n\n<figure class=\"wp-block-gallery has-nested-images columns-default is-cropped wp-block-gallery-3 is-layout-flex wp-block-gallery-is-layout-flex\">\n<figure class=\"wp-block-image size-large\"><img loading=\"lazy\" decoding=\"async\" width=\"1024\" height=\"768\" data-id=\"61\" src=\"https:\/\/asociatiasuramareculturala.ro\/wp-content\/uploads\/2025\/06\/480798260_967439242146053_3531574780761211781_n-1024x768.jpg\" alt=\"\" class=\"wp-image-61\" srcset=\"https:\/\/asociatiasuramareculturala.ro\/wp-content\/uploads\/2025\/06\/480798260_967439242146053_3531574780761211781_n-1024x768.jpg 1024w, https:\/\/asociatiasuramareculturala.ro\/wp-content\/uploads\/2025\/06\/480798260_967439242146053_3531574780761211781_n-300x225.jpg 300w, https:\/\/asociatiasuramareculturala.ro\/wp-content\/uploads\/2025\/06\/480798260_967439242146053_3531574780761211781_n-768x576.jpg 768w, https:\/\/asociatiasuramareculturala.ro\/wp-content\/uploads\/2025\/06\/480798260_967439242146053_3531574780761211781_n-1536x1152.jpg 1536w, https:\/\/asociatiasuramareculturala.ro\/wp-content\/uploads\/2025\/06\/480798260_967439242146053_3531574780761211781_n.jpg 2048w\" sizes=\"auto, (max-width: 1024px) 100vw, 1024px\" \/><\/figure>\n\n\n\n<figure class=\"wp-block-image size-large\"><img loading=\"lazy\" decoding=\"async\" width=\"1024\" height=\"461\" data-id=\"62\" src=\"https:\/\/asociatiasuramareculturala.ro\/wp-content\/uploads\/2025\/06\/480806694_966707018885942_3258739211873691087_n-1024x461.jpg\" alt=\"\" class=\"wp-image-62\" srcset=\"https:\/\/asociatiasuramareculturala.ro\/wp-content\/uploads\/2025\/06\/480806694_966707018885942_3258739211873691087_n-1024x461.jpg 1024w, https:\/\/asociatiasuramareculturala.ro\/wp-content\/uploads\/2025\/06\/480806694_966707018885942_3258739211873691087_n-300x135.jpg 300w, https:\/\/asociatiasuramareculturala.ro\/wp-content\/uploads\/2025\/06\/480806694_966707018885942_3258739211873691087_n-768x346.jpg 768w, https:\/\/asociatiasuramareculturala.ro\/wp-content\/uploads\/2025\/06\/480806694_966707018885942_3258739211873691087_n-1536x692.jpg 1536w, https:\/\/asociatiasuramareculturala.ro\/wp-content\/uploads\/2025\/06\/480806694_966707018885942_3258739211873691087_n.jpg 2048w\" sizes=\"auto, (max-width: 1024px) 100vw, 1024px\" \/><\/figure>\n<\/figure>\n","protected":false},"excerpt":{"rendered":"<p>Devino VOLUNTAR \u0219i fii parte din familia \u0218ura-Mare Cultural\u0103! Asocia\u021bia noastr\u0103 a crescut frumos \u0219i ne dorim s\u0103 ni se al\u0103ture tineri entuzia\u0219ti, implica\u021bi \u0219i dornici s\u0103 fac\u0103 bine! Urmeaz\u0103 evenimente deosebite, iar implicarea ta poate face diferen\u021ba. Dac\u0103 vrei s\u0103 cuno\u0219ti oameni faini, s\u0103 \u00eenve\u021bi lucruri noi \u0219i s\u0103 contribui la proiecte cu impact, [&hellip;]<\/p>\n","protected":false},"author":1,"featured_media":0,"parent":0,"menu_order":0,"comment_status":"closed","ping_status":"closed","template":"","meta":{"footnotes":""},"class_list":["post-50","page","type-page","status-publish","hentry"],"_links":{"self":[{"href":"https:\/\/asociatiasuramareculturala.ro\/index.php\/wp-json\/wp\/v2\/pages\/50","targetHints":{"allow":["GET"]}}],"collection":[{"href":"https:\/\/asociatiasuramareculturala.ro\/index.php\/wp-json\/wp\/v2\/pages"}],"about":[{"href":"https:\/\/asociatiasuramareculturala.ro\/index.php\/wp-json\/wp\/v2\/types\/page"}],"author":[{"embeddable":true,"href":"https:\/\/asociatiasuramareculturala.ro\/index.php\/wp-json\/wp\/v2\/users\/1"}],"replies":[{"embeddable":true,"href":"https:\/\/asociatiasuramareculturala.ro\/index.php\/wp-json\/wp\/v2\/comments?post=50"}],"version-history":[{"count":6,"href":"https:\/\/asociatiasuramareculturala.ro\/index.php\/wp-json\/wp\/v2\/pages\/50\/revisions"}],"predecessor-version":[{"id":63,"href":"https:\/\/asociatiasuramareculturala.ro\/index.php\/wp-json\/wp\/v2\/pages\/50\/revisions\/63"}],"wp:attachment":[{"href":"https:\/\/asociatiasuramareculturala.ro\/index.php\/wp-json\/wp\/v2\/media?parent=50"}],"curies":[{"name":"wp","href":"https:\/\/api.w.org\/{rel}","templated":true}]}}